{"id":2848,"date":"2026-01-03T13:50:29","date_gmt":"2026-01-03T13:50:29","guid":{"rendered":"https:\/\/kubikamedia.com\/?page_id=2848"},"modified":"2026-01-03T13:56:48","modified_gmt":"2026-01-03T13:56:48","slug":"cerez-politikasi","status":"publish","type":"page","link":"https:\/\/kubikamedia.com\/fr\/cerez-politikasi\/","title":{"rendered":"Politique en mati\u00e8re de cookies"},"content":{"rendered":"<div data-elementor-type=\"wp-page\" data-elementor-id=\"2848\" class=\"elementor elementor-2848\" data-elementor-post-type=\"page\">\n\t\t\t\t<div class=\"elementor-element elementor-element-38838544 e-flex e-con-boxed e-con e-parent\" data-id=\"38838544\" data-element_type=\"container\" data-e-type=\"container\">\n\t\t\t\t\t<div class=\"e-con-inner\">\n\t\t\t\t<div class=\"elementor-element elementor-element-55cb0508 elementor-widget elementor-widget-text-editor\" data-id=\"55cb0508\" data-element_type=\"widget\" data-e-type=\"widget\" data-widget_type=\"text-editor.default\">\n\t\t\t\t\t\t\t\t\t\n<h2 class=\"wp-block-heading\" data-path-to-node=\"19\"><b data-path-to-node=\"19\" data-index-in-node=\"0\">\u00c7EREZ POL\u0130T\u0130KASI<\/b><\/h2>\n<p data-path-to-node=\"20\"><b data-path-to-node=\"20\" data-index-in-node=\"0\">\u00c7erez (Cookie) Politikas\u0131<\/b><\/p>\n<p data-path-to-node=\"21\">Kubika Media, web sitemizden en verimli \u015fekilde faydalanabilmeniz ve kullan\u0131c\u0131 deneyiminizi geli\u015ftirebilmek i\u00e7in \u00e7erezler kullanmaktad\u0131r.<\/p>\n<p data-path-to-node=\"22\"><b data-path-to-node=\"22\" data-index-in-node=\"0\">\u00c7erez Nedir?<\/b> \u00c7erezler, ziyaret etti\u011finiz internet siteleri taraf\u0131ndan cihaz\u0131n\u0131za depolanan k\u00fc\u00e7\u00fck metin dosyalar\u0131d\u0131r. Bu dosyalar, sitemizin sizi hat\u0131rlamas\u0131na ve daha h\u0131zl\u0131 hizmet vermesine yard\u0131mc\u0131 olur.<\/p>\n<p data-path-to-node=\"23\"><b data-path-to-node=\"23\" data-index-in-node=\"0\">Kulland\u0131\u011f\u0131m\u0131z \u00c7erez T\u00fcrleri:<\/b><\/p>\n<ol start=\"1\" data-path-to-node=\"24\">\n<li>\n<p data-path-to-node=\"24,0,0\"><b data-path-to-node=\"24,0,0\" data-index-in-node=\"0\">Zorunlu \u00c7erezler:<\/b> Sitemizin g\u00fcvenli bir \u015fekilde \u00e7al\u0131\u015fmas\u0131 ve temel fonksiyonlar\u0131n\u0131 yerine getirmesi i\u00e7in gereklidir.<\/p>\n<\/li>\n<li>\n<p data-path-to-node=\"24,1,0\"><b data-path-to-node=\"24,1,0\" data-index-in-node=\"0\">Performans ve Analiz \u00c7erezleri:<\/b> Ziyaret\u00e7i say\u0131s\u0131n\u0131 ve trafi\u011fi \u00f6l\u00e7\u00fcmlemek (Google Analytics vb.) amac\u0131yla kullan\u0131l\u0131r.<\/p>\n<\/li>\n<li>\n<p data-path-to-node=\"24,2,0\"><b data-path-to-node=\"24,2,0\" data-index-in-node=\"0\">Hedefleme ve Reklam \u00c7erezleri:<\/b> \u0130lgi alanlar\u0131n\u0131za y\u00f6nelik i\u00e7erik ve reklam sunmak (Meta Pixel vb.) i\u00e7in kullan\u0131l\u0131r.<\/p>\n<\/li>\n<\/ol>\n<p data-path-to-node=\"25\"><b data-path-to-node=\"25\" data-index-in-node=\"0\">\u00c7erez Y\u00f6netimi:<\/b> Taray\u0131c\u0131 ayarlar\u0131n\u0131z \u00fczerinden \u00e7erezleri diledi\u011finiz zaman engelleyebilir veya silebilirsiniz. Ancak zorunlu \u00e7erezlerin kapat\u0131lmas\u0131, sitemizdeki baz\u0131 \u00f6zelliklerin tam performansla \u00e7al\u0131\u015fmas\u0131n\u0131 engelleyebilir.<\/p>\t\t\t\t\t\t\t\t<\/div>\n\t\t\t\t\t<\/div>\n\t\t\t\t<\/div>\n\t\t\t\t<\/div>","protected":false},"excerpt":{"rendered":"<p>\u00c7EREZ POL\u0130T\u0130KASI \u00c7erez (Cookie) Politikas\u0131 Kubika Media, web sitemizden en verimli \u015fekilde faydalanabilmeniz ve kullan\u0131c\u0131 deneyiminizi geli\u015ftirebilmek i\u00e7in \u00e7erezler kullanmaktad\u0131r. \u00c7erez Nedir? \u00c7erezler, ziyaret etti\u011finiz internet siteleri taraf\u0131ndan cihaz\u0131n\u0131za depolanan k\u00fc\u00e7\u00fck metin dosyalar\u0131d\u0131r. Bu dosyalar, sitemizin sizi hat\u0131rlamas\u0131na ve daha h\u0131zl\u0131 hizmet vermesine yard\u0131mc\u0131 olur. Kulland\u0131\u011f\u0131m\u0131z \u00c7erez T\u00fcrleri: Zorunlu \u00c7erezler: Sitemizin g\u00fcvenli bir \u015fekilde \u00e7al\u0131\u015fmas\u0131 [&hellip;]<\/p>\n","protected":false},"author":1,"featured_media":0,"parent":0,"menu_order":0,"comment_status":"closed","ping_status":"closed","template":"","meta":{"footnotes":""},"class_list":["post-2848","page","type-page","status-publish","hentry"],"_links":{"self":[{"href":"https:\/\/kubikamedia.com\/fr\/wp-json\/wp\/v2\/pages\/2848","targetHints":{"allow":["GET"]}}],"collection":[{"href":"https:\/\/kubikamedia.com\/fr\/wp-json\/wp\/v2\/pages"}],"about":[{"href":"https:\/\/kubikamedia.com\/fr\/wp-json\/wp\/v2\/types\/page"}],"author":[{"embeddable":true,"href":"https:\/\/kubikamedia.com\/fr\/wp-json\/wp\/v2\/users\/1"}],"replies":[{"embeddable":true,"href":"https:\/\/kubikamedia.com\/fr\/wp-json\/wp\/v2\/comments?post=2848"}],"version-history":[{"count":7,"href":"https:\/\/kubikamedia.com\/fr\/wp-json\/wp\/v2\/pages\/2848\/revisions"}],"predecessor-version":[{"id":2871,"href":"https:\/\/kubikamedia.com\/fr\/wp-json\/wp\/v2\/pages\/2848\/revisions\/2871"}],"wp:attachment":[{"href":"https:\/\/kubikamedia.com\/fr\/wp-json\/wp\/v2\/media?parent=2848"}],"curies":[{"name":"wp","href":"https:\/\/api.w.org\/{rel}","templated":true}]}}