{"id":112,"date":"2025-11-28T12:44:37","date_gmt":"2025-11-28T12:44:37","guid":{"rendered":"https:\/\/kubikamedia.com\/?page_id=112"},"modified":"2026-02-07T15:27:43","modified_gmt":"2026-02-07T15:27:43","slug":"nuestro-equipo","status":"publish","type":"page","link":"https:\/\/kubikamedia.com\/es\/ekibimiz\/","title":{"rendered":"Nuestro equipo"},"content":{"rendered":"<div data-elementor-type=\"wp-page\" data-elementor-id=\"112\" class=\"elementor elementor-112\" data-elementor-post-type=\"page\">\n\t\t\t\t<div class=\"elementor-element elementor-element-24d7696c e-flex e-con-boxed e-con e-parent\" data-id=\"24d7696c\" data-element_type=\"container\" data-e-type=\"container\" data-settings=\"{&quot;background_background&quot;:&quot;gradient&quot;}\">\n\t\t\t\t\t<div class=\"e-con-inner\">\n\t\t<div class=\"elementor-element elementor-element-2ac55f7c e-con-full e-flex e-con e-child\" data-id=\"2ac55f7c\" data-element_type=\"container\" data-e-type=\"container\">\n\t\t<div class=\"elementor-element elementor-element-16d3c07e e-con-full e-flex e-con e-child\" data-id=\"16d3c07e\" data-element_type=\"container\" data-e-type=\"container\">\n\t\t<div class=\"elementor-element elementor-element-771f7bee e-con-full e-flex elementor-invisible e-con e-child\" data-id=\"771f7bee\" data-element_type=\"container\" data-e-type=\"container\" data-settings=\"{&quot;animation&quot;:&quot;fadeInUp&quot;,&quot;animation_delay&quot;:200}\">\n\t\t\t\t<div class=\"elementor-element elementor-element-607eaaac elementor-widget elementor-widget-elementskit-heading\" data-id=\"607eaaac\" data-element_type=\"widget\" data-e-type=\"widget\" data-widget_type=\"elementskit-heading.default\">\n\t\t\t\t\t<div class=\"ekit-wid-con\" ><div class=\"ekit-heading elementskit-section-title-wraper text_center   ekit_heading_tablet-   ekit_heading_mobile-\"><h2 class=\"ekit-heading--title elementskit-section-title\">Estudiar <span><span>Nuestros amigos<\/span><\/span> <\/h2><\/div><\/div>\t\t\t\t<\/div>\n\t\t\t\t<div class=\"elementor-element elementor-element-7dc82b2a elementor-widget elementor-widget-text-editor\" data-id=\"7dc82b2a\" data-element_type=\"widget\" data-e-type=\"widget\" data-widget_type=\"text-editor.default\">\n\t\t\t\t\t\t\t\t\t<p>Con nuestro equipo orientado al rendimiento, aportamos estrategia, dise\u00f1o y poder digital a las marcas.<\/p>\t\t\t\t\t\t\t\t<\/div>\n\t\t\t\t<\/div>\n\t\t\t\t<\/div>\n\t\t\t\t<\/div>\n\t\t\t\t\t<\/div>\n\t\t\t\t<\/div>\n\t\t<div class=\"elementor-element elementor-element-24e9362a e-flex e-con-boxed e-con e-parent\" data-id=\"24e9362a\" data-element_type=\"container\" data-e-type=\"container\" data-settings=\"{&quot;background_background&quot;:&quot;classic&quot;}\">\n\t\t\t\t\t<div class=\"e-con-inner\">\n\t\t<div class=\"elementor-element elementor-element-29d63031 e-con-full e-flex e-con e-child\" data-id=\"29d63031\" data-element_type=\"container\" data-e-type=\"container\">\n\t\t<div class=\"elementor-element elementor-element-33f85d39 e-con-full e-flex e-con e-child\" data-id=\"33f85d39\" data-element_type=\"container\" data-e-type=\"container\">\n\t\t\t\t<div class=\"elementor-element elementor-element-44add55c elementor-widget elementor-widget-elementskit-heading\" data-id=\"44add55c\" data-element_type=\"widget\" data-e-type=\"widget\" data-widget_type=\"elementskit-heading.default\">\n\t\t\t\t\t<div class=\"ekit-wid-con\" ><div class=\"ekit-heading elementskit-section-title-wraper text_center   ekit_heading_tablet-   ekit_heading_mobile-\"><h2 class=\"ekit-heading--title elementskit-section-title\">Sobre el terreno <span><span>Experiencia<\/span><\/span> Un equipo<\/h2><\/div><\/div>\t\t\t\t<\/div>\n\t\t\t\t<\/div>\n\t\t<div class=\"elementor-element elementor-element-53a2bdf8 e-con-full e-flex e-con e-child\" data-id=\"53a2bdf8\" data-element_type=\"container\" data-e-type=\"container\">\n\t\t\t\t<div class=\"elementor-element elementor-element-15bb0f7f elementor-widget elementor-widget-text-editor\" data-id=\"15bb0f7f\" data-element_type=\"widget\" data-e-type=\"widget\" data-widget_type=\"text-editor.default\">\n\t\t\t\t\t\t\t\t\t<p>Creamos sistemas, aumentamos las ventas y gestionamos el poder digital de las marcas.<\/p>\t\t\t\t\t\t\t\t<\/div>\n\t\t\t\t<\/div>\n\t\t\t\t<\/div>\n\t\t<div class=\"elementor-element elementor-element-a151088 e-con-full e-flex e-con e-child\" data-id=\"a151088\" data-element_type=\"container\" data-e-type=\"container\">\n\t\t<div class=\"elementor-element elementor-element-5ac044f e-con-full e-flex e-con e-child\" data-id=\"5ac044f\" data-element_type=\"container\" data-e-type=\"container\">\n\t\t<div class=\"elementor-element elementor-element-235c61d e-con-full e-flex elementor-invisible e-con e-child\" data-id=\"235c61d\" data-element_type=\"container\" data-e-type=\"container\" data-settings=\"{&quot;background_background&quot;:&quot;classic&quot;,&quot;animation&quot;:&quot;fadeInUp&quot;,&quot;animation_delay&quot;:0}\">\n\t\t<div class=\"elementor-element elementor-element-4205707 e-con-full e-flex e-con e-child\" data-id=\"4205707\" data-element_type=\"container\" data-e-type=\"container\" data-settings=\"{&quot;background_background&quot;:&quot;classic&quot;}\">\n\t\t<div class=\"elementor-element elementor-element-4241964 e-con-full e-flex e-con e-child\" data-id=\"4241964\" data-element_type=\"container\" data-e-type=\"container\">\n\t\t\t\t<div class=\"elementor-element elementor-element-7ebd4af elementor-vertical-align-bottom elementor-vertical-align-bottom elementor-widget elementor-widget-image-box\" data-id=\"7ebd4af\" data-element_type=\"widget\" data-e-type=\"widget\" data-widget_type=\"image-box.default\">\n\t\t\t\t\t<div class=\"elementor-image-box-wrapper\"><div class=\"elementor-image-box-content\"><h3 class=\"elementor-image-box-title\">Ibrahim DEMIR<\/h3><p class=\"elementor-image-box-description\">Fundador y Director de Crecimiento<\/p><\/div><\/div>\t\t\t\t<\/div>\n\t\t\t\t<\/div>\n\t\t\t\t<\/div>\n\t\t\t\t<\/div>\n\t\t<div class=\"elementor-element elementor-element-6da946a e-con-full e-flex elementor-invisible e-con e-child\" data-id=\"6da946a\" data-element_type=\"container\" data-e-type=\"container\" data-settings=\"{&quot;background_background&quot;:&quot;classic&quot;,&quot;animation&quot;:&quot;fadeInUp&quot;,&quot;animation_delay&quot;:400}\">\n\t\t<div class=\"elementor-element elementor-element-1b60761 e-con-full e-flex e-con e-child\" data-id=\"1b60761\" data-element_type=\"container\" data-e-type=\"container\" data-settings=\"{&quot;background_background&quot;:&quot;classic&quot;}\">\n\t\t<div class=\"elementor-element elementor-element-2f3446b e-con-full e-flex e-con e-child\" data-id=\"2f3446b\" data-element_type=\"container\" data-e-type=\"container\">\n\t\t\t\t<div class=\"elementor-element elementor-element-19d57c5 elementor-vertical-align-bottom elementor-vertical-align-bottom elementor-widget elementor-widget-image-box\" data-id=\"19d57c5\" data-element_type=\"widget\" data-e-type=\"widget\" data-widget_type=\"image-box.default\">\n\t\t\t\t\t<div class=\"elementor-image-box-wrapper\"><div class=\"elementor-image-box-content\"><h3 class=\"elementor-image-box-title\">K\u00fcbra DEMIR<\/h3><p class=\"elementor-image-box-description\">Cofundador y Director de Operaciones<\/p><\/div><\/div>\t\t\t\t<\/div>\n\t\t\t\t<\/div>\n\t\t\t\t<\/div>\n\t\t\t\t<\/div>\n\t\t<div class=\"elementor-element elementor-element-22fd322 e-con-full e-flex elementor-invisible e-con e-child\" data-id=\"22fd322\" data-element_type=\"container\" data-e-type=\"container\" data-settings=\"{&quot;background_background&quot;:&quot;classic&quot;,&quot;animation&quot;:&quot;fadeInUp&quot;,&quot;animation_delay&quot;:200}\">\n\t\t<div class=\"elementor-element elementor-element-ac0d4b2 e-con-full e-flex e-con e-child\" data-id=\"ac0d4b2\" data-element_type=\"container\" data-e-type=\"container\" data-settings=\"{&quot;background_background&quot;:&quot;classic&quot;}\">\n\t\t<div class=\"elementor-element elementor-element-008f891 e-con-full e-flex e-con e-child\" data-id=\"008f891\" data-element_type=\"container\" data-e-type=\"container\">\n\t\t\t\t<div class=\"elementor-element elementor-element-bb08162 elementor-vertical-align-bottom elementor-vertical-align-bottom elementor-widget elementor-widget-image-box\" data-id=\"bb08162\" data-element_type=\"widget\" data-e-type=\"widget\" data-widget_type=\"image-box.default\">\n\t\t\t\t\t<div class=\"elementor-image-box-wrapper\"><div class=\"elementor-image-box-content\"><h3 class=\"elementor-image-box-title\">Emre YI\u011e<\/h3><p class=\"elementor-image-box-description\">Director de Tecnolog\u00eda y Estrategia de Datos<\/p><\/div><\/div>\t\t\t\t<\/div>\n\t\t\t\t<\/div>\n\t\t\t\t<\/div>\n\t\t\t\t<\/div>\n\t\t\t\t<\/div>\n\t\t\t\t<\/div>\n\t\t<div class=\"elementor-element elementor-element-7c76eb94 e-con-full e-flex e-con e-child\" data-id=\"7c76eb94\" data-element_type=\"container\" data-e-type=\"container\">\n\t\t<div class=\"elementor-element elementor-element-4a638070 e-con-full e-flex elementor-invisible e-con e-child\" data-id=\"4a638070\" data-element_type=\"container\" data-e-type=\"container\" data-settings=\"{&quot;background_background&quot;:&quot;classic&quot;,&quot;animation&quot;:&quot;fadeInUp&quot;,&quot;animation_delay&quot;:0}\">\n\t\t<div class=\"elementor-element elementor-element-4584e5da e-con-full e-flex e-con e-child\" data-id=\"4584e5da\" data-element_type=\"container\" data-e-type=\"container\" data-settings=\"{&quot;background_background&quot;:&quot;classic&quot;}\">\n\t\t<div class=\"elementor-element elementor-element-74406b14 e-con-full e-flex e-con e-child\" data-id=\"74406b14\" data-element_type=\"container\" data-e-type=\"container\">\n\t\t\t\t<div class=\"elementor-element elementor-element-2117a839 elementor-vertical-align-bottom elementor-vertical-align-bottom elementor-widget elementor-widget-image-box\" data-id=\"2117a839\" data-element_type=\"widget\" data-e-type=\"widget\" data-widget_type=\"image-box.default\">\n\t\t\t\t\t<div class=\"elementor-image-box-wrapper\"><div class=\"elementor-image-box-content\"><h3 class=\"elementor-image-box-title\">Eyy\u00fcp \u00d6ZBEK<\/h3><p class=\"elementor-image-box-description\">Meta y Google Ads Manager<\/p><\/div><\/div>\t\t\t\t<\/div>\n\t\t\t\t<\/div>\n\t\t\t\t<\/div>\n\t\t\t\t<\/div>\n\t\t<div class=\"elementor-element elementor-element-fd0440d e-con-full e-flex elementor-invisible e-con e-child\" data-id=\"fd0440d\" data-element_type=\"container\" data-e-type=\"container\" data-settings=\"{&quot;background_background&quot;:&quot;classic&quot;,&quot;animation&quot;:&quot;fadeInUp&quot;,&quot;animation_delay&quot;:200}\">\n\t\t<div class=\"elementor-element elementor-element-17fe16a7 e-con-full e-flex e-con e-child\" data-id=\"17fe16a7\" data-element_type=\"container\" data-e-type=\"container\" data-settings=\"{&quot;background_background&quot;:&quot;classic&quot;}\">\n\t\t<div class=\"elementor-element elementor-element-5fcd56a e-con-full e-flex e-con e-child\" data-id=\"5fcd56a\" data-element_type=\"container\" data-e-type=\"container\">\n\t\t\t\t<div class=\"elementor-element elementor-element-81cc17f elementor-vertical-align-bottom elementor-vertical-align-bottom elementor-widget elementor-widget-image-box\" data-id=\"81cc17f\" data-element_type=\"widget\" data-e-type=\"widget\" data-widget_type=\"image-box.default\">\n\t\t\t\t\t<div class=\"elementor-image-box-wrapper\"><div class=\"elementor-image-box-content\"><h3 class=\"elementor-image-box-title\">Senol Demir<\/h3><p class=\"elementor-image-box-description\">Fot\u00f3grafo y editor de v\u00eddeo<\/p><\/div><\/div>\t\t\t\t<\/div>\n\t\t\t\t<\/div>\n\t\t\t\t<\/div>\n\t\t\t\t<\/div>\n\t\t<div class=\"elementor-element elementor-element-3d7c0bcd e-con-full e-flex elementor-invisible e-con e-child\" data-id=\"3d7c0bcd\" data-element_type=\"container\" data-e-type=\"container\" data-settings=\"{&quot;background_background&quot;:&quot;classic&quot;,&quot;animation&quot;:&quot;fadeInUp&quot;,&quot;animation_delay&quot;:400}\">\n\t\t<div class=\"elementor-element elementor-element-7b1da864 e-con-full e-flex e-con e-child\" data-id=\"7b1da864\" data-element_type=\"container\" data-e-type=\"container\" data-settings=\"{&quot;background_background&quot;:&quot;classic&quot;}\">\n\t\t<div class=\"elementor-element elementor-element-4c74b18 e-con-full e-flex e-con e-child\" data-id=\"4c74b18\" data-element_type=\"container\" data-e-type=\"container\">\n\t\t\t\t<div class=\"elementor-element elementor-element-7d5f987 elementor-vertical-align-bottom elementor-vertical-align-bottom elementor-widget elementor-widget-image-box\" data-id=\"7d5f987\" data-element_type=\"widget\" data-e-type=\"widget\" data-widget_type=\"image-box.default\">\n\t\t\t\t\t<div class=\"elementor-image-box-wrapper\"><div class=\"elementor-image-box-content\"><h3 class=\"elementor-image-box-title\">Fatma \u015e\u0130M\u015eEK<\/h3><p class=\"elementor-image-box-description\">Editor de v\u00eddeo<\/p><\/div><\/div>\t\t\t\t<\/div>\n\t\t\t\t<\/div>\n\t\t\t\t<\/div>\n\t\t\t\t<\/div>\n\t\t\t\t<\/div>\n\t\t<div class=\"elementor-element elementor-element-7795e5d e-con-full e-flex e-con e-child\" data-id=\"7795e5d\" data-element_type=\"container\" data-e-type=\"container\">\n\t\t<div class=\"elementor-element elementor-element-4e6f104 e-con-full e-flex elementor-invisible e-con e-child\" data-id=\"4e6f104\" data-element_type=\"container\" data-e-type=\"container\" data-settings=\"{&quot;background_background&quot;:&quot;classic&quot;,&quot;animation&quot;:&quot;fadeInUp&quot;,&quot;animation_delay&quot;:200}\">\n\t\t<div class=\"elementor-element elementor-element-bf6fdc2 e-con-full e-flex e-con e-child\" data-id=\"bf6fdc2\" data-element_type=\"container\" data-e-type=\"container\" data-settings=\"{&quot;background_background&quot;:&quot;classic&quot;}\">\n\t\t<div class=\"elementor-element elementor-element-7949f6b e-con-full e-flex e-con e-child\" data-id=\"7949f6b\" data-element_type=\"container\" data-e-type=\"container\">\n\t\t\t\t<div class=\"elementor-element elementor-element-1cce897 elementor-vertical-align-bottom elementor-vertical-align-bottom elementor-widget elementor-widget-image-box\" data-id=\"1cce897\" data-element_type=\"widget\" data-e-type=\"widget\" data-widget_type=\"image-box.default\">\n\t\t\t\t\t<div class=\"elementor-image-box-wrapper\"><div class=\"elementor-image-box-content\"><h3 class=\"elementor-image-box-title\">Metehan DO\u011eAN<\/h3><p class=\"elementor-image-box-description\">Editor de v\u00eddeo<\/p><\/div><\/div>\t\t\t\t<\/div>\n\t\t\t\t<\/div>\n\t\t\t\t<\/div>\n\t\t\t\t<\/div>\n\t\t<div class=\"elementor-element elementor-element-6c61aac e-con-full e-flex elementor-invisible e-con e-child\" data-id=\"6c61aac\" data-element_type=\"container\" data-e-type=\"container\" data-settings=\"{&quot;background_background&quot;:&quot;classic&quot;,&quot;animation&quot;:&quot;fadeInUp&quot;,&quot;animation_delay&quot;:0}\">\n\t\t<div class=\"elementor-element elementor-element-e78163f e-con-full e-flex e-con e-child\" data-id=\"e78163f\" data-element_type=\"container\" data-e-type=\"container\" data-settings=\"{&quot;background_background&quot;:&quot;classic&quot;}\">\n\t\t<div class=\"elementor-element elementor-element-9789667 e-con-full e-flex e-con e-child\" data-id=\"9789667\" data-element_type=\"container\" data-e-type=\"container\">\n\t\t\t\t<div class=\"elementor-element elementor-element-91cf796 elementor-vertical-align-bottom elementor-vertical-align-bottom elementor-widget elementor-widget-image-box\" data-id=\"91cf796\" data-element_type=\"widget\" data-e-type=\"widget\" data-widget_type=\"image-box.default\">\n\t\t\t\t\t<div class=\"elementor-image-box-wrapper\"><div class=\"elementor-image-box-content\"><h3 class=\"elementor-image-box-title\">H\u00fcseyin G\u00dcRCAN<\/h3><p class=\"elementor-image-box-description\">Dise\u00f1ador gr\u00e1fico<\/p><\/div><\/div>\t\t\t\t<\/div>\n\t\t\t\t<\/div>\n\t\t\t\t<\/div>\n\t\t\t\t<\/div>\n\t\t<div class=\"elementor-element elementor-element-80c83f8 e-con-full e-flex elementor-invisible e-con e-child\" data-id=\"80c83f8\" data-element_type=\"container\" data-e-type=\"container\" data-settings=\"{&quot;background_background&quot;:&quot;classic&quot;,&quot;animation&quot;:&quot;fadeInUp&quot;,&quot;animation_delay&quot;:400}\">\n\t\t<div class=\"elementor-element elementor-element-65b1a6a e-con-full e-flex e-con e-child\" data-id=\"65b1a6a\" data-element_type=\"container\" data-e-type=\"container\" data-settings=\"{&quot;background_background&quot;:&quot;classic&quot;}\">\n\t\t<div class=\"elementor-element elementor-element-8dcee6d e-con-full e-flex e-con e-child\" data-id=\"8dcee6d\" data-element_type=\"container\" data-e-type=\"container\">\n\t\t\t\t<div class=\"elementor-element elementor-element-e54cb81 elementor-vertical-align-bottom elementor-vertical-align-bottom elementor-widget elementor-widget-image-box\" data-id=\"e54cb81\" data-element_type=\"widget\" data-e-type=\"widget\" data-widget_type=\"image-box.default\">\n\t\t\t\t\t<div class=\"elementor-image-box-wrapper\"><div class=\"elementor-image-box-content\"><h3 class=\"elementor-image-box-title\">Seda Akkan<\/h3><p class=\"elementor-image-box-description\">Responsable de redes sociales<\/p><\/div><\/div>\t\t\t\t<\/div>\n\t\t\t\t<\/div>\n\t\t\t\t<\/div>\n\t\t\t\t<\/div>\n\t\t\t\t<\/div>\n\t\t<div class=\"elementor-element elementor-element-1775370 e-con-full e-flex e-con e-child\" data-id=\"1775370\" data-element_type=\"container\" data-e-type=\"container\">\n\t\t<div class=\"elementor-element elementor-element-9bbae09 e-con-full e-flex elementor-invisible e-con e-child\" data-id=\"9bbae09\" data-element_type=\"container\" data-e-type=\"container\" data-settings=\"{&quot;background_background&quot;:&quot;classic&quot;,&quot;animation&quot;:&quot;fadeInUp&quot;,&quot;animation_delay&quot;:200}\">\n\t\t<div class=\"elementor-element elementor-element-b814a06 e-con-full e-flex e-con e-child\" data-id=\"b814a06\" data-element_type=\"container\" data-e-type=\"container\" data-settings=\"{&quot;background_background&quot;:&quot;classic&quot;}\">\n\t\t<div class=\"elementor-element elementor-element-f2669da e-con-full e-flex e-con e-child\" data-id=\"f2669da\" data-element_type=\"container\" data-e-type=\"container\">\n\t\t\t\t<div class=\"elementor-element elementor-element-88b4058 elementor-vertical-align-bottom elementor-vertical-align-bottom elementor-widget elementor-widget-image-box\" data-id=\"88b4058\" data-element_type=\"widget\" data-e-type=\"widget\" data-widget_type=\"image-box.default\">\n\t\t\t\t\t<div class=\"elementor-image-box-wrapper\"><div class=\"elementor-image-box-content\"><h3 class=\"elementor-image-box-title\">Sibel Karan<\/h3><p class=\"elementor-image-box-description\">Gestor s\u00e9nior de redes sociales<\/p><\/div><\/div>\t\t\t\t<\/div>\n\t\t\t\t<\/div>\n\t\t\t\t<\/div>\n\t\t\t\t<\/div>\n\t\t<div class=\"elementor-element elementor-element-bac0185 e-con-full e-flex elementor-invisible e-con e-child\" data-id=\"bac0185\" data-element_type=\"container\" data-e-type=\"container\" data-settings=\"{&quot;background_background&quot;:&quot;classic&quot;,&quot;animation&quot;:&quot;fadeInUp&quot;,&quot;animation_delay&quot;:0}\">\n\t\t<div class=\"elementor-element elementor-element-1403cb9 e-con-full e-flex e-con e-child\" data-id=\"1403cb9\" data-element_type=\"container\" data-e-type=\"container\" data-settings=\"{&quot;background_background&quot;:&quot;classic&quot;}\">\n\t\t<div class=\"elementor-element elementor-element-d0dc24f e-con-full e-flex e-con e-child\" data-id=\"d0dc24f\" data-element_type=\"container\" data-e-type=\"container\">\n\t\t\t\t<div class=\"elementor-element elementor-element-58d7933 elementor-vertical-align-bottom elementor-vertical-align-bottom elementor-widget elementor-widget-image-box\" data-id=\"58d7933\" data-element_type=\"widget\" data-e-type=\"widget\" data-widget_type=\"image-box.default\">\n\t\t\t\t\t<div class=\"elementor-image-box-wrapper\"><div class=\"elementor-image-box-content\"><h3 class=\"elementor-image-box-title\">Asli Cakir<\/h3><p class=\"elementor-image-box-description\">Dise\u00f1ador Gr\u00e1fico Senior<\/p><\/div><\/div>\t\t\t\t<\/div>\n\t\t\t\t<\/div>\n\t\t\t\t<\/div>\n\t\t\t\t<\/div>\n\t\t<div class=\"elementor-element elementor-element-85e60a1 e-con-full e-flex elementor-invisible e-con e-child\" data-id=\"85e60a1\" data-element_type=\"container\" data-e-type=\"container\" data-settings=\"{&quot;background_background&quot;:&quot;classic&quot;,&quot;animation&quot;:&quot;fadeInUp&quot;,&quot;animation_delay&quot;:400}\">\n\t\t<div class=\"elementor-element elementor-element-192cf78 e-con-full e-flex e-con e-child\" data-id=\"192cf78\" data-element_type=\"container\" data-e-type=\"container\" data-settings=\"{&quot;background_background&quot;:&quot;classic&quot;}\">\n\t\t<div class=\"elementor-element elementor-element-ed73e8e e-con-full e-flex e-con e-child\" data-id=\"ed73e8e\" data-element_type=\"container\" data-e-type=\"container\">\n\t\t\t\t<div class=\"elementor-element elementor-element-b19c5c8 elementor-vertical-align-bottom elementor-vertical-align-bottom elementor-widget elementor-widget-image-box\" data-id=\"b19c5c8\" data-element_type=\"widget\" data-e-type=\"widget\" data-widget_type=\"image-box.default\">\n\t\t\t\t\t<div class=\"elementor-image-box-wrapper\"><div class=\"elementor-image-box-content\"><h3 class=\"elementor-image-box-title\">Ilayda Yilmaz<\/h3><p class=\"elementor-image-box-description\">Desarrollador web senior<\/p><\/div><\/div>\t\t\t\t<\/div>\n\t\t\t\t<\/div>\n\t\t\t\t<\/div>\n\t\t\t\t<\/div>\n\t\t\t\t<\/div>\n\t\t\t\t\t<\/div>\n\t\t\t\t<\/div>\n\t\t\t\t<\/div>","protected":false},"excerpt":{"rendered":"<p>\u00c7al\u0131\u015fma Arkada\u015flar\u0131m\u0131z Performans odakl\u0131 \u00e7al\u0131\u015fan ekibimizle, markalara strateji, tasar\u0131m ve dijital g\u00fc\u00e7 kazand\u0131r\u0131yoruz. Alan\u0131nda Uzman Bir Ekip Markalara sistem kuruyor, sat\u0131\u015f b\u00fcy\u00fct\u00fcyor, dijital g\u00fcc\u00fc y\u00f6netiyoruz. \u0130brahim DEM\u0130R Founder &amp; Head of Growth K\u00fcbra DEM\u0130R Co-Founder &amp; Operations Director Emre YI\u011e Head of Technology &amp; Data Strategy Eyy\u00fcp \u00d6ZBEK Meta &amp; Google Ads Manager \u015eenol DEM\u0130R [&hellip;]<\/p>\n","protected":false},"author":1,"featured_media":0,"parent":0,"menu_order":0,"comment_status":"closed","ping_status":"closed","template":"","meta":{"footnotes":""},"class_list":["post-112","page","type-page","status-publish","hentry"],"_links":{"self":[{"href":"https:\/\/kubikamedia.com\/es\/wp-json\/wp\/v2\/pages\/112","targetHints":{"allow":["GET"]}}],"collection":[{"href":"https:\/\/kubikamedia.com\/es\/wp-json\/wp\/v2\/pages"}],"about":[{"href":"https:\/\/kubikamedia.com\/es\/wp-json\/wp\/v2\/types\/page"}],"author":[{"embeddable":true,"href":"https:\/\/kubikamedia.com\/es\/wp-json\/wp\/v2\/users\/1"}],"replies":[{"embeddable":true,"href":"https:\/\/kubikamedia.com\/es\/wp-json\/wp\/v2\/comments?post=112"}],"version-history":[{"count":88,"href":"https:\/\/kubikamedia.com\/es\/wp-json\/wp\/v2\/pages\/112\/revisions"}],"predecessor-version":[{"id":3892,"href":"https:\/\/kubikamedia.com\/es\/wp-json\/wp\/v2\/pages\/112\/revisions\/3892"}],"wp:attachment":[{"href":"https:\/\/kubikamedia.com\/es\/wp-json\/wp\/v2\/media?parent=112"}],"curies":[{"name":"wp","href":"https:\/\/api.w.org\/{rel}","templated":true}]}}