{"id":481,"date":"2025-12-03T11:08:21","date_gmt":"2025-12-03T11:08:21","guid":{"rendered":"https:\/\/kubikamedia.com\/?page_id=481"},"modified":"2026-01-20T09:22:44","modified_gmt":"2026-01-20T09:22:44","slug":"blog","status":"publish","type":"page","link":"https:\/\/kubikamedia.com\/en\/blog\/","title":{"rendered":"Blog"},"content":{"rendered":"<div data-elementor-type=\"wp-page\" data-elementor-id=\"481\" class=\"elementor elementor-481\" data-elementor-post-type=\"page\">\n\t\t\t\t<div class=\"elementor-element elementor-element-3eb24e08 e-flex e-con-boxed e-con e-parent\" data-id=\"3eb24e08\" data-element_type=\"container\" data-e-type=\"container\" data-settings=\"{&quot;background_background&quot;:&quot;gradient&quot;}\">\n\t\t\t\t\t<div class=\"e-con-inner\">\n\t\t<div class=\"elementor-element elementor-element-560a83d e-con-full e-flex e-con e-child\" data-id=\"560a83d\" data-element_type=\"container\" data-e-type=\"container\">\n\t\t<div class=\"elementor-element elementor-element-4d26629 e-con-full e-flex e-con e-child\" data-id=\"4d26629\" data-element_type=\"container\" data-e-type=\"container\">\n\t\t<div class=\"elementor-element elementor-element-45658e56 e-con-full e-flex elementor-invisible e-con e-child\" data-id=\"45658e56\" data-element_type=\"container\" data-e-type=\"container\" data-settings=\"{&quot;animation&quot;:&quot;fadeInUp&quot;,&quot;animation_delay&quot;:200}\">\n\t\t\t\t<div class=\"elementor-element elementor-element-d0e5b09 elementor-widget elementor-widget-elementskit-heading\" data-id=\"d0e5b09\" data-element_type=\"widget\" data-e-type=\"widget\" data-widget_type=\"elementskit-heading.default\">\n\t\t\t\t\t<div class=\"ekit-wid-con\" ><div class=\"ekit-heading elementskit-section-title-wraper text_center   ekit_heading_tablet-   ekit_heading_mobile-\"><h2 class=\"ekit-heading--title elementskit-section-title\"><span><span>BLOG<\/span><\/span><\/h2><\/div><\/div>\t\t\t\t<\/div>\n\t\t\t\t<div class=\"elementor-element elementor-element-4cb6bafb elementor-widget elementor-widget-text-editor\" data-id=\"4cb6bafb\" data-element_type=\"widget\" data-e-type=\"widget\" data-widget_type=\"text-editor.default\">\n\t\t\t\t\t\t\t\t\t<p>The latest strategies and guides on digital marketing, SEO and brand growth.<\/p>\t\t\t\t\t\t\t\t<\/div>\n\t\t\t\t<\/div>\n\t\t\t\t<\/div>\n\t\t\t\t<\/div>\n\t\t\t\t\t<\/div>\n\t\t\t\t<\/div>\n\t\t<div class=\"elementor-element elementor-element-6a7fcf24 e-flex e-con-boxed e-con e-parent\" data-id=\"6a7fcf24\" data-element_type=\"container\" data-e-type=\"container\">\n\t\t\t\t\t<div class=\"e-con-inner\">\n\t\t<div class=\"elementor-element elementor-element-2a414be9 e-con-full e-flex e-con e-child\" data-id=\"2a414be9\" data-element_type=\"container\" data-e-type=\"container\">\n\t\t<div class=\"elementor-element elementor-element-5c516b2f e-con-full e-flex e-con e-child\" data-id=\"5c516b2f\" data-element_type=\"container\" data-e-type=\"container\">\n\t\t\t\t<div class=\"elementor-element elementor-element-72abd2a5 elementor-widget elementor-widget-elementskit-heading\" data-id=\"72abd2a5\" data-element_type=\"widget\" data-e-type=\"widget\" data-widget_type=\"elementskit-heading.default\">\n\t\t\t\t\t<div class=\"ekit-wid-con\" ><div class=\"ekit-heading elementskit-section-title-wraper text_left   ekit_heading_tablet-   ekit_heading_mobile-\"><h2 class=\"ekit-heading--title elementskit-section-title\">EN <span><span>CURRENT<\/span><\/span> ARTICLES<\/h2><\/div><\/div>\t\t\t\t<\/div>\n\t\t\t\t<div class=\"elementor-element elementor-element-4d373c6b elementor-widget elementor-widget-text-editor\" data-id=\"4d373c6b\" data-element_type=\"widget\" data-e-type=\"widget\" data-widget_type=\"text-editor.default\">\n\t\t\t\t\t\t\t\t\t<p>We have compiled the most useful content from SEO, advertising, social media and web world for you.<\/p>\t\t\t\t\t\t\t\t<\/div>\n\t\t\t\t<\/div>\n\t\t\t\t<\/div>\n\t\t<div class=\"elementor-element elementor-element-6802de93 e-con-full e-flex e-con e-child\" data-id=\"6802de93\" data-element_type=\"container\" data-e-type=\"container\">\n\t\t\t\t<div class=\"elementor-element elementor-element-5cd8a017 elementor-widget elementor-widget-elementskit-blog-posts\" data-id=\"5cd8a017\" data-element_type=\"widget\" data-e-type=\"widget\" data-widget_type=\"elementskit-blog-posts.default\">\n\t\t\t\t\t<div class=\"ekit-wid-con\" >\n        <div id=\"post-items--5cd8a017\" class=\"row post-items ekit-blog-posts-content wihout-masonry\" data-enable=\"no\">\n\n\t\t\t<!-- Blog Carousel markup render -->\n\t\t\t\n\n            <div class=\"col-lg-4 col-md-6\">\n\n                                    <div class=\"elementskit-post-image-card\">\n                        <div class=\"elementskit-entry-header\">\n                                                            <a href=\"https:\/\/kubikamedia.com\/en\/2026\/03\/27\/sosyal-medyada-takipci-satin-almak\/\" class=\"elementskit-entry-thumb\">\n                                    <img decoding=\"async\" src=\"https:\/\/kubikamedia.com\/wp-content\/uploads\/2026\/03\/sosyal-medyada-takipci-satin-almak-zararlari.webp\" alt=\"Sosyal Medyada &#8220;Takip\u00e7i Sat\u0131n Almak&#8221; Neden Denizli&#8217;deki \u0130\u015fletmenizi Bitirir?\">\n                                <\/a><!-- .elementskit-entry-thumb END -->\n                                                            \n                            \n                                                    <\/div><!-- .elementskit-entry-header END -->\n\n                        <div class=\"elementskit-post-body\">\n                            \n                                        \n                                        \t\t\t\t\t\t\t\t\t\t                <h2 class=\"entry-title\">\n                    <a href=\"https:\/\/kubikamedia.com\/en\/2026\/03\/27\/sosyal-medyada-takipci-satin-almak\/\">\n                            Why \u201cBuying Followers\u201d on Social Media Will End Your Business in Denizli?                    <\/a>\n                <\/h2>\n                                                        \n                                                                                                                                    \t\t\t\t\t\t\t\t\t\t<p>Why \u201cBuying Followers\u201d on Social Media Will End Your Business in Denizli? On Social Media...<\/p>\n                                                                                                                                                                                                                    <\/div><!-- .elementskit-post-body END -->\n                    <\/div>\n                \n            <\/div>\t\t\t\t\n\n            <div class=\"col-lg-4 col-md-6\">\n\n                                    <div class=\"elementskit-post-image-card\">\n                        <div class=\"elementskit-entry-header\">\n                                                            <a href=\"https:\/\/kubikamedia.com\/en\/2026\/03\/25\/denizli-dijital-reklam-karsilastirmasi\/\" class=\"elementskit-entry-thumb\">\n                                    <img decoding=\"async\" src=\"https:\/\/kubikamedia.com\/wp-content\/uploads\/2026\/03\/denizli-dijital-reklam-karsilastirmasi-meta-vs-google.webp\" alt=\"Meta Ads vs. Google Ads: Which is More Profitable for Denizli Companies?\">\n                                <\/a><!-- .elementskit-entry-thumb END -->\n                                                            \n                            \n                                                    <\/div><!-- .elementskit-entry-header END -->\n\n                        <div class=\"elementskit-post-body\">\n                            \n                                        \n                                        \t\t\t\t\t\t\t\t\t\t                <h2 class=\"entry-title\">\n                    <a href=\"https:\/\/kubikamedia.com\/en\/2026\/03\/25\/denizli-dijital-reklam-karsilastirmasi\/\">\n                            Meta Ads vs. Google Ads: Which is More Profitable for Denizli Companies?                    <\/a>\n                <\/h2>\n                                                        \n                                                                                                                                    \t\t\t\t\t\t\t\t\t\t<p>Meta Ads vs. Google Ads: Which is More Profitable for Denizli Companies?...<\/p>\n                                                                                                                                                                                                                    <\/div><!-- .elementskit-post-body END -->\n                    <\/div>\n                \n            <\/div>\t\t\t\t\n\n            <div class=\"col-lg-4 col-md-6\">\n\n                                    <div class=\"elementskit-post-image-card\">\n                        <div class=\"elementskit-entry-header\">\n                                                            <a href=\"https:\/\/kubikamedia.com\/en\/2026\/03\/23\/sosyal-medya-reklam-hatalari\/\" class=\"elementskit-entry-thumb\">\n                                    <img decoding=\"async\" src=\"https:\/\/kubikamedia.com\/wp-content\/uploads\/2026\/03\/sosyal-medya-reklam-hatalari-denizli-butce-yonetimi-scaled.webp\" alt=\"The 5 Most Common Mistakes in Denizli Social Media Ads (And Ways to Save Your Money)\">\n                                <\/a><!-- .elementskit-entry-thumb END -->\n                                                            \n                            \n                                                    <\/div><!-- .elementskit-entry-header END -->\n\n                        <div class=\"elementskit-post-body\">\n                            \n                                        \n                                        \t\t\t\t\t\t\t\t\t\t                <h2 class=\"entry-title\">\n                    <a href=\"https:\/\/kubikamedia.com\/en\/2026\/03\/23\/sosyal-medya-reklam-hatalari\/\">\n                            The 5 Most Common Mistakes in Denizli Social Media Ads (And Ways to Save Your Money)                    <\/a>\n                <\/h2>\n                                                        \n                                                                                                                                    \t\t\t\t\t\t\t\t\t\t<p>The 5 Most Common Mistakes in Denizli Social Media Ads (And Your Money...<\/p>\n                                                                                                                                                                                                                    <\/div><!-- .elementskit-post-body END -->\n                    <\/div>\n                \n            <\/div>\t\t\t\t\n\n            <div class=\"col-lg-4 col-md-6\">\n\n                                    <div class=\"elementskit-post-image-card\">\n                        <div class=\"elementskit-entry-header\">\n                                                            <a href=\"https:\/\/kubikamedia.com\/en\/2026\/03\/19\/sosyal-medya-raporlamasi\/\" class=\"elementskit-entry-thumb\">\n                                    <img decoding=\"async\" src=\"https:\/\/kubikamedia.com\/wp-content\/uploads\/2026\/03\/sosyal-medya-raporlamasi-veri-analizi-kubika-media.webp\" alt=\"Let&#039;s Talk with Data: What is Social Media Reporting and Why is it Important?\">\n                                <\/a><!-- .elementskit-entry-thumb END -->\n                                                            \n                            \n                                                    <\/div><!-- .elementskit-entry-header END -->\n\n                        <div class=\"elementskit-post-body\">\n                            \n                                        \n                                        \t\t\t\t\t\t\t\t\t\t                <h2 class=\"entry-title\">\n                    <a href=\"https:\/\/kubikamedia.com\/en\/2026\/03\/19\/sosyal-medya-raporlamasi\/\">\n                            Let's Talk with Data: What is Social Media Reporting and Why is it Important?                    <\/a>\n                <\/h2>\n                                                        \n                                                                                                                                    \t\t\t\t\t\t\t\t\t\t<p>Let's Talk with Data: What is Social Media Reporting and Why is it Important? Social Media...<\/p>\n                                                                                                                                                                                                                    <\/div><!-- .elementskit-post-body END -->\n                    <\/div>\n                \n            <\/div>\t\t\t\t\n\n            <div class=\"col-lg-4 col-md-6\">\n\n                                    <div class=\"elementskit-post-image-card\">\n                        <div class=\"elementskit-entry-header\">\n                                                            <a href=\"https:\/\/kubikamedia.com\/en\/2026\/03\/17\/sosyal-medyada-grafik-tasarim\/\" class=\"elementskit-entry-thumb\">\n                                    <img decoding=\"async\" src=\"https:\/\/kubikamedia.com\/wp-content\/uploads\/2026\/03\/sosyal-medyada-grafik-tasarim-profesyonel-gorunum.webp\" alt=\"The Importance of Graphic Design in Social Media: Does a Professional Look Bring Sales?\">\n                                <\/a><!-- .elementskit-entry-thumb END -->\n                                                            \n                            \n                                                    <\/div><!-- .elementskit-entry-header END -->\n\n                        <div class=\"elementskit-post-body\">\n                            \n                                        \n                                        \t\t\t\t\t\t\t\t\t\t                <h2 class=\"entry-title\">\n                    <a href=\"https:\/\/kubikamedia.com\/en\/2026\/03\/17\/sosyal-medyada-grafik-tasarim\/\">\n                            The Importance of Graphic Design in Social Media: Does a Professional Look Bring Sales?                    <\/a>\n                <\/h2>\n                                                        \n                                                                                                                                    \t\t\t\t\t\t\t\t\t\t<p>The Importance of Graphic Design in Social Media: Does a Professional Look Bring Sales? Social...<\/p>\n                                                                                                                                                                                                                    <\/div><!-- .elementskit-post-body END -->\n                    <\/div>\n                \n            <\/div>\t\t\t\t\n\n            <div class=\"col-lg-4 col-md-6\">\n\n                                    <div class=\"elementskit-post-image-card\">\n                        <div class=\"elementskit-entry-header\">\n                                                            <a href=\"https:\/\/kubikamedia.com\/en\/2026\/03\/15\/denizli-kobi-reklam-stratejileri\/\" class=\"elementskit-entry-thumb\">\n                                    <img decoding=\"async\" src=\"https:\/\/kubikamedia.com\/wp-content\/uploads\/2026\/03\/denizli-kobi-reklam-stratejileri-butce-yonetimi.webp\" alt=\"Big Impact with Small Budgets: Advertising Strategies for SMEs in Denizli\">\n                                <\/a><!-- .elementskit-entry-thumb END -->\n                                                            \n                            \n                                                    <\/div><!-- .elementskit-entry-header END -->\n\n                        <div class=\"elementskit-post-body\">\n                            \n                                        \n                                        \t\t\t\t\t\t\t\t\t\t                <h2 class=\"entry-title\">\n                    <a href=\"https:\/\/kubikamedia.com\/en\/2026\/03\/15\/denizli-kobi-reklam-stratejileri\/\">\n                            Big Impact with Small Budgets: Advertising Strategies for SMEs in Denizli                    <\/a>\n                <\/h2>\n                                                        \n                                                                                                                                    \t\t\t\t\t\t\t\t\t\t<p>Big Impact with Small Budgets: Advertising Strategies for SMEs in Denizli Denizli SME...<\/p>\n                                                                                                                                                                                                                    <\/div><!-- .elementskit-post-body END -->\n                    <\/div>\n                \n            <\/div>\t\t\t\t        <\/div>\n\n\n                    <div\n            data-ekit-blog-post-style=\"numbered\"\n            class=\"ekit-blog-post-pagination-container ekit-blog-post-pagination-style-numbered\"\n            id=\"post-nagivation--5cd8a017\">\n                <span aria-current=\"page\" class=\"page-numbers current\">1<\/span>\n<a class=\"page-numbers\" href=\"https:\/\/kubikamedia.com\/en\/wp-json\/wp\/v2\/pages\/481\/?ekit-blog-posts-paged=2\">2<\/a>\n<a class=\"page-numbers\" href=\"https:\/\/kubikamedia.com\/en\/wp-json\/wp\/v2\/pages\/481\/?ekit-blog-posts-paged=3\">3<\/a>\n<span class=\"page-numbers dots\">&hellip;<\/span>\n<a class=\"page-numbers\" href=\"https:\/\/kubikamedia.com\/en\/wp-json\/wp\/v2\/pages\/481\/?ekit-blog-posts-paged=7\">7<\/a>\n<a class=\"next page-numbers\" href=\"https:\/\/kubikamedia.com\/en\/wp-json\/wp\/v2\/pages\/481\/?ekit-blog-posts-paged=2\">Next<\/a>            <\/div>\n\n            <\/div>\t\t\t\t<\/div>\n\t\t\t\t<\/div>\n\t\t\t\t\t<\/div>\n\t\t\t\t<\/div>\n\t\t\t\t<\/div>","protected":false},"excerpt":{"rendered":"<p>BLOG Dijital pazarlama, SEO ve marka b\u00fcy\u00fctme \u00fczerine en g\u00fcncel stratejiler ve rehber i\u00e7erikler burada. EN G\u00dcNCEL YAZILAR SEO, reklam, sosyal medya ve web d\u00fcnyas\u0131ndan en faydal\u0131 i\u00e7erikleri senin i\u00e7in derledik. Denizli SEO Dan\u0131\u015fmanl\u0131\u011f\u0131: Sekt\u00f6rel Rekabette Zirveye Yolculuk Denizli SEO Dan\u0131\u015fmanl\u0131\u011f\u0131: Sekt\u00f6rel Rekabette Zirveye Yolculuk Google&#8217;\u0131n ilk sayfas\u0131nda yer&hellip; Denizli Web Tasar\u0131m: Dijital Kimli\u011finizi Performans [&hellip;] <\/p>\n","protected":false},"author":1,"featured_media":0,"parent":0,"menu_order":0,"comment_status":"closed","ping_status":"closed","template":"elementor_header_footer","meta":{"footnotes":""},"class_list":["post-481","page","type-page","status-publish","hentry"],"_links":{"self":[{"href":"https:\/\/kubikamedia.com\/en\/wp-json\/wp\/v2\/pages\/481","targetHints":{"allow":["GET"]}}],"collection":[{"href":"https:\/\/kubikamedia.com\/en\/wp-json\/wp\/v2\/pages"}],"about":[{"href":"https:\/\/kubikamedia.com\/en\/wp-json\/wp\/v2\/types\/page"}],"author":[{"embeddable":true,"href":"https:\/\/kubikamedia.com\/en\/wp-json\/wp\/v2\/users\/1"}],"replies":[{"embeddable":true,"href":"https:\/\/kubikamedia.com\/en\/wp-json\/wp\/v2\/comments?post=481"}],"version-history":[{"count":22,"href":"https:\/\/kubikamedia.com\/en\/wp-json\/wp\/v2\/pages\/481\/revisions"}],"predecessor-version":[{"id":3686,"href":"https:\/\/kubikamedia.com\/en\/wp-json\/wp\/v2\/pages\/481\/revisions\/3686"}],"wp:attachment":[{"href":"https:\/\/kubikamedia.com\/en\/wp-json\/wp\/v2\/media?parent=481"}],"curies":[{"name":"wp","href":"https:\/\/api.w.org\/{rel}","templated":true}]}}